{"id":259,"date":"2024-11-30T18:02:04","date_gmt":"2024-11-30T18:02:04","guid":{"rendered":"https:\/\/elvan.fi\/?page_id=259"},"modified":"2024-12-23T12:00:55","modified_gmt":"2024-12-23T12:00:55","slug":"etusivu","status":"publish","type":"page","link":"https:\/\/elvan.fi\/fi\/","title":{"rendered":"Etusivu"},"content":{"rendered":"<h2>Tarvitsetko viihtyis\u00e4n ja kodikkaan kokous- tai juhlatilan? Keskell\u00e4 Vaasan kaupunkia?<\/h2>\n<p>Kerhohuone Elvan voi olla hyv\u00e4 ratkaisu silloin. Katso tarkemmin kuvasivuja.<br \/>\n<a href=\"https:\/\/elvan.fi\/info\/\"><strong>Info &amp; Kuvat<\/strong><\/a><\/p>\n<p>Tervetuloa varaamaan!<br \/>\n<a href=\"https:\/\/elvan.fi\/fi\/varaus\/\" target=\"_blank\" rel=\"noopener\"><strong>Online varaus<\/strong> <\/a><\/p>\n<p>&nbsp;<\/p>\n","protected":false},"excerpt":{"rendered":"<p>Tarvitsetko viihtyis\u00e4n ja kodikkaan kokous- tai juhlatilan? Keskell\u00e4 Vaasan kaupunkia? Kerhohuone Elvan voi olla hyv\u00e4 ratkaisu silloin. Katso tarkemmin kuvasivuja. Info &amp; Kuvat Tervetuloa varaamaan! Online varaus &nbsp;<\/p>\n","protected":false},"author":1,"featured_media":241,"parent":0,"menu_order":1,"comment_status":"closed","ping_status":"closed","template":"","meta":{"footnotes":""},"class_list":["post-259","page","type-page","status-publish","has-post-thumbnail","hentry"],"_links":{"self":[{"href":"https:\/\/elvan.fi\/fi\/wp-json\/wp\/v2\/pages\/259","targetHints":{"allow":["GET"]}}],"collection":[{"href":"https:\/\/elvan.fi\/fi\/wp-json\/wp\/v2\/pages"}],"about":[{"href":"https:\/\/elvan.fi\/fi\/wp-json\/wp\/v2\/types\/page"}],"author":[{"embeddable":true,"href":"https:\/\/elvan.fi\/fi\/wp-json\/wp\/v2\/users\/1"}],"replies":[{"embeddable":true,"href":"https:\/\/elvan.fi\/fi\/wp-json\/wp\/v2\/comments?post=259"}],"version-history":[{"count":3,"href":"https:\/\/elvan.fi\/fi\/wp-json\/wp\/v2\/pages\/259\/revisions"}],"predecessor-version":[{"id":290,"href":"https:\/\/elvan.fi\/fi\/wp-json\/wp\/v2\/pages\/259\/revisions\/290"}],"wp:featuredmedia":[{"embeddable":true,"href":"https:\/\/elvan.fi\/fi\/wp-json\/wp\/v2\/media\/241"}],"wp:attachment":[{"href":"https:\/\/elvan.fi\/fi\/wp-json\/wp\/v2\/media?parent=259"}],"curies":[{"name":"wp","href":"https:\/\/api.w.org\/{rel}","templated":true}]}}