{"id":280,"date":"2024-11-30T18:13:27","date_gmt":"2024-11-30T18:13:27","guid":{"rendered":"https:\/\/elvan.fi\/?page_id=280"},"modified":"2026-04-18T11:03:54","modified_gmt":"2026-04-18T11:03:54","slug":"info-kuvat","status":"publish","type":"page","link":"https:\/\/elvan.fi\/fi\/info-kuvat\/","title":{"rendered":"Info &#038; kuvat"},"content":{"rendered":"<h2>Info &amp; Kuvat<\/h2>\n<p>Kerhohuone\/juhlatila<strong>\u00a0jopa 35 hengen tilaisuuksiin<\/strong>. Soveltuu esim. kokouksille, seminaareille, kursseille, pikkujouluille, syntym\u00e4p\u00e4iv\u00e4juhlille jne.<\/p>\n<p><strong>Sijainti:<\/strong> Vaasan keskustassa Raastuvankadulla 8, kaupunginkirjaston vierell\u00e4. <a href=\"https:\/\/www.google.com\/maps\/place\/Klubblokal+Elvan\/@63.0990566,21.6092411,17z\/data=!3m1!4b1!4m6!3m5!1s0x467d6165307e79f3:0xfcd1bc0c0580f00a!8m2!3d63.0990566!4d21.6092411!16s%2Fg%2F11kbb7mq65?entry=ttu&amp;g_ep=EgoyMDI2MDQxNS4wIKXMDSoASAFQAw%3D%3D\" target=\"_blank\" rel=\"noopener\">Katso kartta.<\/a><\/p>\n<p><strong>Varusteet:<\/strong>\u00a0j\u00e4\u00e4kappi, pakastin, s\u00e4hk\u00f6liesi, uuni, mikrouuni, kahvin- ja vedenkeittimet. Keitti\u00f6kaapeissa astiat ruokailua ja kahvitarjoilua varten. Valkokangas, katossa projektori (oma laptop otettava mukaan). WiFita ei ole, interneti\u00e4 varten tarvitaan laptopia ja matkapuhelinta. My\u00f6s taulu-TV, jolla mahdollisuus n\u00e4ytt\u00e4\u00e4 DVD- ja CD-ohjelmia.<\/p>\n<p><b>Esteett\u00f6myys: <\/b>Ramppi py\u00f6r\u00e4tuolille sis\u00e4\u00e4nk\u00e4ynnin yhteydess\u00e4.<\/p>\n<div id='gallery-1' class='gallery galleryid-280 gallery-columns-1 gallery-size-large'><figure class='gallery-item'>\n\t\t\t<div class='gallery-icon landscape'>\n\t\t\t\t<a href='https:\/\/elvan.fi\/wp-content\/uploads\/2025\/08\/elvan_front_800px.jpg'><img loading=\"lazy\" decoding=\"async\" width=\"800\" height=\"522\" src=\"https:\/\/elvan.fi\/wp-content\/uploads\/2025\/08\/elvan_front_800px.jpg\" class=\"attachment-large size-large\" alt=\"\" srcset=\"https:\/\/elvan.fi\/wp-content\/uploads\/2025\/08\/elvan_front_800px.jpg 800w, https:\/\/elvan.fi\/wp-content\/uploads\/2025\/08\/elvan_front_800px-300x196.jpg 300w, https:\/\/elvan.fi\/wp-content\/uploads\/2025\/08\/elvan_front_800px-768x501.jpg 768w\" sizes=\"auto, (max-width: 800px) 100vw, 800px\" \/><\/a>\n\t\t\t<\/div><\/figure><figure class='gallery-item'>\n\t\t\t<div class='gallery-icon landscape'>\n\t\t\t\t<a href='https:\/\/elvan.fi\/wp-content\/uploads\/2024\/11\/Entrance1_800px.jpg'><img loading=\"lazy\" decoding=\"async\" width=\"800\" height=\"533\" src=\"https:\/\/elvan.fi\/wp-content\/uploads\/2024\/11\/Entrance1_800px.jpg\" class=\"attachment-large size-large\" alt=\"\" srcset=\"https:\/\/elvan.fi\/wp-content\/uploads\/2024\/11\/Entrance1_800px.jpg 800w, https:\/\/elvan.fi\/wp-content\/uploads\/2024\/11\/Entrance1_800px-300x200.jpg 300w, https:\/\/elvan.fi\/wp-content\/uploads\/2024\/11\/Entrance1_800px-768x512.jpg 768w\" sizes=\"auto, (max-width: 800px) 100vw, 800px\" \/><\/a>\n\t\t\t<\/div><\/figure><figure class='gallery-item'>\n\t\t\t<div class='gallery-icon landscape'>\n\t\t\t\t<a href='https:\/\/elvan.fi\/wp-content\/uploads\/2024\/11\/Entrance2_800px.jpg'><img loading=\"lazy\" decoding=\"async\" width=\"800\" height=\"533\" src=\"https:\/\/elvan.fi\/wp-content\/uploads\/2024\/11\/Entrance2_800px.jpg\" class=\"attachment-large size-large\" alt=\"\" srcset=\"https:\/\/elvan.fi\/wp-content\/uploads\/2024\/11\/Entrance2_800px.jpg 800w, https:\/\/elvan.fi\/wp-content\/uploads\/2024\/11\/Entrance2_800px-300x200.jpg 300w, https:\/\/elvan.fi\/wp-content\/uploads\/2024\/11\/Entrance2_800px-768x512.jpg 768w\" sizes=\"auto, (max-width: 800px) 100vw, 800px\" \/><\/a>\n\t\t\t<\/div><\/figure><figure class='gallery-item'>\n\t\t\t<div class='gallery-icon landscape'>\n\t\t\t\t<a href='https:\/\/elvan.fi\/wp-content\/uploads\/2024\/11\/FirstView_800px.jpg'><img loading=\"lazy\" decoding=\"async\" width=\"800\" height=\"534\" src=\"https:\/\/elvan.fi\/wp-content\/uploads\/2024\/11\/FirstView_800px.jpg\" class=\"attachment-large size-large\" alt=\"\" srcset=\"https:\/\/elvan.fi\/wp-content\/uploads\/2024\/11\/FirstView_800px.jpg 800w, https:\/\/elvan.fi\/wp-content\/uploads\/2024\/11\/FirstView_800px-300x200.jpg 300w, https:\/\/elvan.fi\/wp-content\/uploads\/2024\/11\/FirstView_800px-768x513.jpg 768w\" sizes=\"auto, (max-width: 800px) 100vw, 800px\" \/><\/a>\n\t\t\t<\/div><\/figure><figure class='gallery-item'>\n\t\t\t<div class='gallery-icon landscape'>\n\t\t\t\t<a href='https:\/\/elvan.fi\/wp-content\/uploads\/2024\/11\/SecondView_800px.jpg'><img loading=\"lazy\" decoding=\"async\" width=\"800\" height=\"533\" src=\"https:\/\/elvan.fi\/wp-content\/uploads\/2024\/11\/SecondView_800px.jpg\" class=\"attachment-large size-large\" alt=\"\" srcset=\"https:\/\/elvan.fi\/wp-content\/uploads\/2024\/11\/SecondView_800px.jpg 800w, https:\/\/elvan.fi\/wp-content\/uploads\/2024\/11\/SecondView_800px-300x200.jpg 300w, https:\/\/elvan.fi\/wp-content\/uploads\/2024\/11\/SecondView_800px-768x512.jpg 768w\" sizes=\"auto, (max-width: 800px) 100vw, 800px\" \/><\/a>\n\t\t\t<\/div><\/figure><figure class='gallery-item'>\n\t\t\t<div class='gallery-icon landscape'>\n\t\t\t\t<a href='https:\/\/elvan.fi\/wp-content\/uploads\/2024\/11\/ViewFromCorner_800px.jpg'><img loading=\"lazy\" decoding=\"async\" width=\"800\" height=\"533\" src=\"https:\/\/elvan.fi\/wp-content\/uploads\/2024\/11\/ViewFromCorner_800px.jpg\" class=\"attachment-large size-large\" alt=\"\" srcset=\"https:\/\/elvan.fi\/wp-content\/uploads\/2024\/11\/ViewFromCorner_800px.jpg 800w, https:\/\/elvan.fi\/wp-content\/uploads\/2024\/11\/ViewFromCorner_800px-300x200.jpg 300w, https:\/\/elvan.fi\/wp-content\/uploads\/2024\/11\/ViewFromCorner_800px-768x512.jpg 768w\" sizes=\"auto, (max-width: 800px) 100vw, 800px\" \/><\/a>\n\t\t\t<\/div><\/figure><figure class='gallery-item'>\n\t\t\t<div class='gallery-icon landscape'>\n\t\t\t\t<a href='https:\/\/elvan.fi\/wp-content\/uploads\/2024\/11\/TvPianoWhiteboard_800px.jpg'><img loading=\"lazy\" decoding=\"async\" width=\"800\" height=\"533\" src=\"https:\/\/elvan.fi\/wp-content\/uploads\/2024\/11\/TvPianoWhiteboard_800px.jpg\" class=\"attachment-large size-large\" alt=\"\" srcset=\"https:\/\/elvan.fi\/wp-content\/uploads\/2024\/11\/TvPianoWhiteboard_800px.jpg 800w, https:\/\/elvan.fi\/wp-content\/uploads\/2024\/11\/TvPianoWhiteboard_800px-300x200.jpg 300w, https:\/\/elvan.fi\/wp-content\/uploads\/2024\/11\/TvPianoWhiteboard_800px-768x512.jpg 768w\" sizes=\"auto, (max-width: 800px) 100vw, 800px\" \/><\/a>\n\t\t\t<\/div><\/figure><figure class='gallery-item'>\n\t\t\t<div class='gallery-icon landscape'>\n\t\t\t\t<a href='https:\/\/elvan.fi\/wp-content\/uploads\/2024\/11\/ViewFrom2ndCorner_800px.jpg'><img loading=\"lazy\" decoding=\"async\" width=\"800\" height=\"533\" src=\"https:\/\/elvan.fi\/wp-content\/uploads\/2024\/11\/ViewFrom2ndCorner_800px.jpg\" class=\"attachment-large size-large\" alt=\"\" srcset=\"https:\/\/elvan.fi\/wp-content\/uploads\/2024\/11\/ViewFrom2ndCorner_800px.jpg 800w, https:\/\/elvan.fi\/wp-content\/uploads\/2024\/11\/ViewFrom2ndCorner_800px-300x200.jpg 300w, https:\/\/elvan.fi\/wp-content\/uploads\/2024\/11\/ViewFrom2ndCorner_800px-768x512.jpg 768w\" sizes=\"auto, (max-width: 800px) 100vw, 800px\" \/><\/a>\n\t\t\t<\/div><\/figure><figure class='gallery-item'>\n\t\t\t<div class='gallery-icon landscape'>\n\t\t\t\t<a href='https:\/\/elvan.fi\/wp-content\/uploads\/2024\/11\/TowardsWindows_800px.jpg'><img loading=\"lazy\" decoding=\"async\" width=\"800\" height=\"533\" src=\"https:\/\/elvan.fi\/wp-content\/uploads\/2024\/11\/TowardsWindows_800px.jpg\" class=\"attachment-large size-large\" alt=\"\" srcset=\"https:\/\/elvan.fi\/wp-content\/uploads\/2024\/11\/TowardsWindows_800px.jpg 800w, https:\/\/elvan.fi\/wp-content\/uploads\/2024\/11\/TowardsWindows_800px-300x200.jpg 300w, https:\/\/elvan.fi\/wp-content\/uploads\/2024\/11\/TowardsWindows_800px-768x512.jpg 768w\" sizes=\"auto, (max-width: 800px) 100vw, 800px\" \/><\/a>\n\t\t\t<\/div><\/figure><figure class='gallery-item'>\n\t\t\t<div class='gallery-icon landscape'>\n\t\t\t\t<a href='https:\/\/elvan.fi\/wp-content\/uploads\/2024\/11\/TowardsToiletsKitchen_800px.jpg'><img loading=\"lazy\" decoding=\"async\" width=\"800\" height=\"533\" src=\"https:\/\/elvan.fi\/wp-content\/uploads\/2024\/11\/TowardsToiletsKitchen_800px.jpg\" class=\"attachment-large size-large\" alt=\"\" srcset=\"https:\/\/elvan.fi\/wp-content\/uploads\/2024\/11\/TowardsToiletsKitchen_800px.jpg 800w, https:\/\/elvan.fi\/wp-content\/uploads\/2024\/11\/TowardsToiletsKitchen_800px-300x200.jpg 300w, https:\/\/elvan.fi\/wp-content\/uploads\/2024\/11\/TowardsToiletsKitchen_800px-768x512.jpg 768w\" sizes=\"auto, (max-width: 800px) 100vw, 800px\" \/><\/a>\n\t\t\t<\/div><\/figure><figure class='gallery-item'>\n\t\t\t<div class='gallery-icon landscape'>\n\t\t\t\t<a href='https:\/\/elvan.fi\/wp-content\/uploads\/2024\/11\/Kitchen1_800px.jpg'><img loading=\"lazy\" decoding=\"async\" width=\"800\" height=\"533\" src=\"https:\/\/elvan.fi\/wp-content\/uploads\/2024\/11\/Kitchen1_800px.jpg\" class=\"attachment-large size-large\" alt=\"\" srcset=\"https:\/\/elvan.fi\/wp-content\/uploads\/2024\/11\/Kitchen1_800px.jpg 800w, https:\/\/elvan.fi\/wp-content\/uploads\/2024\/11\/Kitchen1_800px-300x200.jpg 300w, https:\/\/elvan.fi\/wp-content\/uploads\/2024\/11\/Kitchen1_800px-768x512.jpg 768w\" sizes=\"auto, (max-width: 800px) 100vw, 800px\" \/><\/a>\n\t\t\t<\/div><\/figure><figure class='gallery-item'>\n\t\t\t<div class='gallery-icon landscape'>\n\t\t\t\t<a href='https:\/\/elvan.fi\/wp-content\/uploads\/2024\/11\/Kitchen2_800px.jpg'><img loading=\"lazy\" decoding=\"async\" width=\"800\" height=\"533\" src=\"https:\/\/elvan.fi\/wp-content\/uploads\/2024\/11\/Kitchen2_800px.jpg\" class=\"attachment-large size-large\" alt=\"\" srcset=\"https:\/\/elvan.fi\/wp-content\/uploads\/2024\/11\/Kitchen2_800px.jpg 800w, https:\/\/elvan.fi\/wp-content\/uploads\/2024\/11\/Kitchen2_800px-300x200.jpg 300w, https:\/\/elvan.fi\/wp-content\/uploads\/2024\/11\/Kitchen2_800px-768x512.jpg 768w\" sizes=\"auto, (max-width: 800px) 100vw, 800px\" \/><\/a>\n\t\t\t<\/div><\/figure><figure class='gallery-item'>\n\t\t\t<div class='gallery-icon landscape'>\n\t\t\t\t<a href='https:\/\/elvan.fi\/wp-content\/uploads\/2024\/11\/ForClothes_800px.jpg'><img loading=\"lazy\" decoding=\"async\" width=\"800\" height=\"533\" src=\"https:\/\/elvan.fi\/wp-content\/uploads\/2024\/11\/ForClothes_800px.jpg\" class=\"attachment-large size-large\" alt=\"\" srcset=\"https:\/\/elvan.fi\/wp-content\/uploads\/2024\/11\/ForClothes_800px.jpg 800w, https:\/\/elvan.fi\/wp-content\/uploads\/2024\/11\/ForClothes_800px-300x200.jpg 300w, https:\/\/elvan.fi\/wp-content\/uploads\/2024\/11\/ForClothes_800px-768x512.jpg 768w\" sizes=\"auto, (max-width: 800px) 100vw, 800px\" \/><\/a>\n\t\t\t<\/div><\/figure>\n\t\t<\/div>\n\n","protected":false},"excerpt":{"rendered":"<p>Info &amp; Kuvat Kerhohuone\/juhlatila\u00a0jopa 35 hengen tilaisuuksiin. Soveltuu esim. kokouksille, seminaareille, kursseille, pikkujouluille, syntym\u00e4p\u00e4iv\u00e4juhlille jne. Sijainti: Vaasan keskustassa Raastuvankadulla 8, kaupunginkirjaston vierell\u00e4. Katso kartta. Varusteet:\u00a0j\u00e4\u00e4kappi, pakastin, s\u00e4hk\u00f6liesi, uuni, mikrouuni, kahvin-&hellip;<\/p>\n","protected":false},"author":1,"featured_media":0,"parent":0,"menu_order":4,"comment_status":"closed","ping_status":"closed","template":"","meta":{"footnotes":""},"class_list":["post-280","page","type-page","status-publish","hentry"],"_links":{"self":[{"href":"https:\/\/elvan.fi\/fi\/wp-json\/wp\/v2\/pages\/280","targetHints":{"allow":["GET"]}}],"collection":[{"href":"https:\/\/elvan.fi\/fi\/wp-json\/wp\/v2\/pages"}],"about":[{"href":"https:\/\/elvan.fi\/fi\/wp-json\/wp\/v2\/types\/page"}],"author":[{"embeddable":true,"href":"https:\/\/elvan.fi\/fi\/wp-json\/wp\/v2\/users\/1"}],"replies":[{"embeddable":true,"href":"https:\/\/elvan.fi\/fi\/wp-json\/wp\/v2\/comments?post=280"}],"version-history":[{"count":10,"href":"https:\/\/elvan.fi\/fi\/wp-json\/wp\/v2\/pages\/280\/revisions"}],"predecessor-version":[{"id":450,"href":"https:\/\/elvan.fi\/fi\/wp-json\/wp\/v2\/pages\/280\/revisions\/450"}],"wp:attachment":[{"href":"https:\/\/elvan.fi\/fi\/wp-json\/wp\/v2\/media?parent=280"}],"curies":[{"name":"wp","href":"https:\/\/api.w.org\/{rel}","templated":true}]}}