{"id":286,"date":"2024-12-04T02:53:21","date_gmt":"2024-12-04T02:53:21","guid":{"rendered":"https:\/\/elvan.fi\/?page_id=286"},"modified":"2026-04-26T09:58:45","modified_gmt":"2026-04-26T09:58:45","slug":"yhteystiedot","status":"publish","type":"page","link":"https:\/\/elvan.fi\/fi\/yhteystiedot\/","title":{"rendered":"Yhteystiedot"},"content":{"rendered":"<h3>Yhteyshenkil\u00f6t<\/h3>\n<p><strong>Lars-Johan Andersson\u2028<\/strong><br \/>\n<strong>lars-johan.andersson(at)multi.fi\u2028<\/strong><br \/>\n<strong>040-5451810<\/strong><\/p>\n<p>Kjell-Erik K\u00e4llberg<br \/>\nke.kallberg(at)netikka.fi<br \/>\n050-5350145<\/p>\n<p>Henrik F\u00e5gelb\u00e4rj<br \/>\nhenrik.fagelbarj(at)netikka.fi<br \/>\n050-5960365, 06-3170641<\/p>\n<p>Margareta Lundberg<br \/>\nmargareta.lundberg(at)netikka.fi<br \/>\n06 \u2013 3454448, 050-537 9629<\/p>\n<p>Mariann Skog-S\u00f6dersved<br \/>\nmariann.skog-sodersved(at)outlook.com<br \/>\n040-5863218<\/p>\n<p>Dan B\u00e4ckman<br \/>\ndan.g.backman(at)gmail.com<br \/>\n050-5333412<\/p>\n<p>Vera Sui<br \/>\nsui.vera(at)gmail.com<br \/>\n044-2713663<\/p>\n<p>Kajsa Svart<br \/>\n050-3443189<br \/>\nkajsagronberg(at)gmail.com<\/p>\n<hr \/>\n<p><strong>Osoite:<\/strong><br \/>\nVasa Folkets Hus-stiftelsen<br \/>\nKlubblokal Elvan<br \/>\nR\u00e5dhusgatan 8<br \/>\n65100 Vasa<\/p>\n<hr \/>\n<p>Webmaster: pfagelberg(at)gmail.com \/ PF-Webdesign<\/p>\n","protected":false},"excerpt":{"rendered":"<p>Yhteyshenkil\u00f6t Lars-Johan Andersson\u2028 lars-johan.andersson(at)multi.fi\u2028 040-5451810 Kjell-Erik K\u00e4llberg ke.kallberg(at)netikka.fi 050-5350145 Henrik F\u00e5gelb\u00e4rj henrik.fagelbarj(at)netikka.fi 050-5960365, 06-3170641 Margareta Lundberg margareta.lundberg(at)netikka.fi 06 \u2013 3454448, 050-537 9629 Mariann Skog-S\u00f6dersved mariann.skog-sodersved(at)outlook.com 040-5863218 Dan B\u00e4ckman dan.g.backman(at)gmail.com 050-5333412&hellip;<\/p>\n","protected":false},"author":1,"featured_media":0,"parent":0,"menu_order":5,"comment_status":"closed","ping_status":"closed","template":"","meta":{"footnotes":""},"class_list":["post-286","page","type-page","status-publish","hentry"],"_links":{"self":[{"href":"https:\/\/elvan.fi\/fi\/wp-json\/wp\/v2\/pages\/286","targetHints":{"allow":["GET"]}}],"collection":[{"href":"https:\/\/elvan.fi\/fi\/wp-json\/wp\/v2\/pages"}],"about":[{"href":"https:\/\/elvan.fi\/fi\/wp-json\/wp\/v2\/types\/page"}],"author":[{"embeddable":true,"href":"https:\/\/elvan.fi\/fi\/wp-json\/wp\/v2\/users\/1"}],"replies":[{"embeddable":true,"href":"https:\/\/elvan.fi\/fi\/wp-json\/wp\/v2\/comments?post=286"}],"version-history":[{"count":10,"href":"https:\/\/elvan.fi\/fi\/wp-json\/wp\/v2\/pages\/286\/revisions"}],"predecessor-version":[{"id":460,"href":"https:\/\/elvan.fi\/fi\/wp-json\/wp\/v2\/pages\/286\/revisions\/460"}],"wp:attachment":[{"href":"https:\/\/elvan.fi\/fi\/wp-json\/wp\/v2\/media?parent=286"}],"curies":[{"name":"wp","href":"https:\/\/api.w.org\/{rel}","templated":true}]}}